{"id":160,"date":"2022-01-14T10:00:29","date_gmt":"2022-01-14T09:00:29","guid":{"rendered":"https:\/\/staging.lafibra.it\/?page_id=160"},"modified":"2022-01-17T18:36:09","modified_gmt":"2022-01-17T17:36:09","slug":"copertura","status":"publish","type":"page","link":"https:\/\/staging.lafibra.it\/?page_id=160","title":{"rendered":"Copertura"},"content":{"rendered":"\n    \n    <section class=\"u-clearfix u-section-2\" id=\"carousel_9cdd\">\n      <div class=\"u-clearfix u-sheet u-sheet-1\">\n        <div class=\"u-align-center u-container-style u-group u-group-1\">\n          <div class=\"u-container-layout u-valign-middle u-container-layout-1\">\n            <h2 class=\"u-text u-text-1\">Copertura Fibra<\/h2>\n            <p class=\"u-text u-text-2\"> La nosta rete FIBRA \u00e8&nbsp;in continua espansione. E' gi\u00e0 attivo in numerose zone della&nbsp;citt\u00e0 di Montoro: verifica che il tuo Comune sia coperto dal nostro&nbsp;servizio FIBRA&nbsp;e richiedi subito una delle nostre offerte!<\/p>\n          <\/div>\n        <\/div>\n        <div class=\"u-clearfix u-expanded-width u-gutter-0 u-layout-wrap u-layout-wrap-1\">\n          <div class=\"u-layout\">\n            <div class=\"u-layout-col\">\n              <div class=\"u-size-38 u-size-60-md\">\n                <div class=\"u-layout-col\">\n                  <div class=\"u-align-left u-container-style u-layout-cell u-left-cell u-right-cell u-size-60 u-layout-cell-1\">\n                    <div class=\"u-container-layout u-container-layout-2\">\n                      <div class=\"u-clearfix u-custom-html u-custom-html-1\">\n                        <iframe loading=\"lazy\" src=\"https:\/\/www.google.com\/maps\/d\/embed?mid=1cLBHnGgl8NeasVL9-utkUy5AmEOVF0tf&amp;ehbc=2E312F\" width=\"100%\" height=\"600\"><\/iframe>\n                      <\/div>\n                    <\/div>\n                  <\/div>\n                <\/div>\n              <\/div>\n              <div class=\"u-size-22 u-size-60-md\">\n                <div class=\"u-layout-row\">\n                  <div class=\"u-align-left u-container-style u-grey-5 u-layout-cell u-left-cell u-size-30 u-layout-cell-2\">\n                    <div class=\"u-border-1 u-border-grey-75 u-container-layout u-valign-top u-container-layout-3\">\n                      <h3 class=\"u-text u-text-3\">Contatti<\/h3>\n                      <p class=\"u-text u-text-4\">\n                        <a class=\"u-active-none u-border-none u-btn u-button-link u-button-style u-hover-feature u-hover-none u-none u-text-palette-1-base u-btn-1\" href=\"https:\/\/www.google.com\/maps\/dir\/\/inc+solofra\/data=!4m6!4m5!1m1!4e2!1m2!1m1!1s0x133bcfbcc244c20d:0x54ea554ac59bc139?sa=X&amp;ved=2ahUKEwjT0P6wyfzzAhWKCOwKHQsbB3sQ9Rd6BAhAEAU\"><span class=\"u-file-icon u-icon u-icon-1\"><img decoding=\"async\" src=\"https:\/\/staging.lafibra.it\/wp-content\/uploads\/2022\/01\/684809.png\" alt=\"\"><\/span>&nbsp;\u200bVia Cioppo San Vito SNC, Solofra (AV), 83209\n                        <\/a>\n                      <\/p>\n                      <p class=\"u-text u-text-5\"><span class=\"u-file-icon u-icon u-icon-2\"><img decoding=\"async\" src=\"https:\/\/staging.lafibra.it\/wp-content\/uploads\/2022\/01\/126509.png\" alt=\"\"><\/span>&nbsp;<a href=\"tel:+39 0825 1640\" class=\"u-active-none u-border-none u-btn u-button-link u-button-style u-hover-feature u-hover-none u-none u-text-palette-1-base u-btn-2\">+39 0825 1640<\/a>\n                      <\/p>\n                      <p class=\"u-text u-text-6\">\n                        <a class=\"u-active-none u-border-none u-btn u-button-link u-button-style u-hover-feature u-hover-none u-none u-text-palette-1-base u-btn-3\" href=\"mailto:info@irpinianetcom.it\"><span class=\"u-file-icon u-icon u-icon-3\"><img decoding=\"async\" src=\"https:\/\/staging.lafibra.it\/wp-content\/uploads\/2022\/01\/2165061.png\" alt=\"\"><\/span>&nbsp;info@irpinianetcom.it\n                        <\/a>\n                      <\/p>\n                    <\/div>\n                  <\/div>\n                  <div class=\"u-align-left u-container-style u-hover-feature u-layout-cell u-palette-1-base u-right-cell u-size-30 u-layout-cell-3\" data-href=\"https:\/\/staging.lafibra.it\/#carousel_1e10\" title=\"Home\">\n                    <div class=\"u-container-layout u-valign-top u-container-layout-4\">\n                      <h5 class=\"u-text u-text-7\">SCOPRI L' OFFERTA CHE FA PER TE<\/h5>\n                      <p class=\"u-text u-text-8\"> Sei gi\u00e0 cliente Irpinia Net-Com? Scopri l'offerta riservata per te<\/p>\n                    <\/div>\n                  <\/div>\n                <\/div>\n              <\/div>\n            <\/div>\n          <\/div>\n        <\/div>\n      <\/div>\n      \n      \n      \n      \n    <\/section>\n    \n    \n  \n","protected":false},"excerpt":{"rendered":"<p>Copertura Fibra La nosta rete FIBRA \u00e8&nbsp;in continua espansione. E&#8217; gi\u00e0 attivo in numerose zone della&nbsp;citt\u00e0 di Montoro: verifica che il tuo Comune sia coperto dal nostro&nbsp;servizio FIBRA&nbsp;e richiedi subito una delle nostre offerte! Contatti &nbsp;\u200bVia Cioppo San Vito SNC, Solofra (AV), 83209 &nbsp;+39 0825 1640 &nbsp;info@irpinianetcom.it SCOPRI L&#8217; OFFERTA CHE FA PER TE Sei &hellip; <a href=\"https:\/\/staging.lafibra.it\/?page_id=160\" class=\"more-link\">Continue reading<span class=\"screen-reader-text\"> &#8220;Copertura&#8221;<\/span><\/a><\/p>\n","protected":false},"author":1,"featured_media":0,"parent":0,"menu_order":0,"comment_status":"closed","ping_status":"closed","template":"","meta":{"footnotes":""},"class_list":["post-160","page","type-page","status-publish","hentry"],"_links":{"self":[{"href":"https:\/\/staging.lafibra.it\/index.php?rest_route=\/wp\/v2\/pages\/160","targetHints":{"allow":["GET"]}}],"collection":[{"href":"https:\/\/staging.lafibra.it\/index.php?rest_route=\/wp\/v2\/pages"}],"about":[{"href":"https:\/\/staging.lafibra.it\/index.php?rest_route=\/wp\/v2\/types\/page"}],"author":[{"embeddable":true,"href":"https:\/\/staging.lafibra.it\/index.php?rest_route=\/wp\/v2\/users\/1"}],"replies":[{"embeddable":true,"href":"https:\/\/staging.lafibra.it\/index.php?rest_route=%2Fwp%2Fv2%2Fcomments&post=160"}],"version-history":[{"count":4,"href":"https:\/\/staging.lafibra.it\/index.php?rest_route=\/wp\/v2\/pages\/160\/revisions"}],"predecessor-version":[{"id":205,"href":"https:\/\/staging.lafibra.it\/index.php?rest_route=\/wp\/v2\/pages\/160\/revisions\/205"}],"wp:attachment":[{"href":"https:\/\/staging.lafibra.it\/index.php?rest_route=%2Fwp%2Fv2%2Fmedia&parent=160"}],"curies":[{"name":"wp","href":"https:\/\/api.w.org\/{rel}","templated":true}]}}